{"id":119,"date":"2025-08-28T15:38:32","date_gmt":"2025-08-28T13:38:32","guid":{"rendered":"https:\/\/www.clinton-logistic.com\/?page_id=119"},"modified":"2025-08-28T15:38:32","modified_gmt":"2025-08-28T13:38:32","slug":"whistleblower-office","status":"publish","type":"page","link":"https:\/\/www.clinton-logistic.com\/en\/hinweisgeberstelle\/","title":{"rendered":"whistleblower office"},"content":{"rendered":"<div class=\"grve-section grve-feature-header\" data-section-title=\"\" data-section-type=\"fullwidth-background\" data-image-type=\"none\" data-full-height=\"no\"  style=\"padding-top: 30px;margin-bottom: 60px;\"><div class=\"grve-row grve-bookmark\"><div class=\"wpb_column grve-column grve-bookmark grve-column-1\"><h1 class=\"grve-element grve-align-left grve-title-no-line grve-h1\" style=\"margin-bottom: 30px;\"><span>Whistleblower office of the Clinton Group<\/span><\/h1><div class=\"grve-element grve-text\"><p>Compliance with legal regulations and acting in a socially responsible, respectful and ethical manner is a shared responsibility that we share with our employees, suppliers and partners. A whistleblower hotline has been set up for employees, suppliers and business partners to report misconduct within the Clinton Group. The whistleblower hotline gives you the opportunity to inform us of any suspected corruption, economic crime, criminal offences or administrative offences, or other violations of laws and regulations.<\/p>\n<p>If you have specific, substantiated evidence of legal violations or rule violations, you can send an email to <a href=\"mailto:hinweis@clinton.de?subject=Hinweis%20an%20die%20Clinton-Gruppe\" target=\"_blank\" rel=\"noopener\">hinweis@clinton.de<\/a> Reports can be submitted to the whistleblower office or contact can be made for a personal meeting.<\/p>\n<p>Further information on the whistleblower office can be found in the <a href=\"https:\/\/www.clinton-logistic.com\/en\/faq-on-the-whistleblowing-centre\/\">Frequently Asked Questions<\/a>.<\/p>\n<p>Please refer to the data protection information for submitting a report to the whistleblower office of Clinton Gro\u00dfhandels-GmbH. <a href=\"https:\/\/www.clinton-logistic.com\/en\/data-protection-notice-notice-centre\/\">here<\/a>.<\/p>\n<\/div><\/div> <\/div><div class=\"grve-background-wrapper\"><\/div><\/div>","protected":false},"excerpt":{"rendered":"Hinweisgeberstelle der Clinton-GruppeDie Einhaltung gesetzlicher Vorschriften, soziales, respektvolles und integres Handeln ist eine gemeinsame Verantwortung, die wir mit unseren Mitarbeitern, Lieferanten und Partnern teilen.Zur Aufdeckung von Fehlverhalten innerhalb der Clinton-Gruppe wurde eine Hinweisgeberstelle f\u00fcr Besch\u00e4ftigte, Lieferanten und Gesch\u00e4ftspartner eingerichtet. Die Hinweisgeberstelle gibt Ihnen die M\u00f6glichkeit, uns bei Verdacht auf Korruption, wirtschaftskriminelle Handlungen, Straftaten oder Ordnungswidrigkeiten [...]","protected":false},"author":1,"featured_media":0,"parent":0,"menu_order":0,"comment_status":"closed","ping_status":"closed","template":"","meta":{"inline_featured_image":false,"footnotes":""},"class_list":["post-119","page","type-page","status-publish","hentry"],"_links":{"self":[{"href":"https:\/\/www.clinton-logistic.com\/en\/wp-json\/wp\/v2\/pages\/119","targetHints":{"allow":["GET"]}}],"collection":[{"href":"https:\/\/www.clinton-logistic.com\/en\/wp-json\/wp\/v2\/pages"}],"about":[{"href":"https:\/\/www.clinton-logistic.com\/en\/wp-json\/wp\/v2\/types\/page"}],"author":[{"embeddable":true,"href":"https:\/\/www.clinton-logistic.com\/en\/wp-json\/wp\/v2\/users\/1"}],"replies":[{"embeddable":true,"href":"https:\/\/www.clinton-logistic.com\/en\/wp-json\/wp\/v2\/comments?post=119"}],"version-history":[{"count":0,"href":"https:\/\/www.clinton-logistic.com\/en\/wp-json\/wp\/v2\/pages\/119\/revisions"}],"wp:attachment":[{"href":"https:\/\/www.clinton-logistic.com\/en\/wp-json\/wp\/v2\/media?parent=119"}],"curies":[{"name":"wp","href":"https:\/\/api.w.org\/{rel}","templated":true}]}}