{"id":127,"date":"2025-08-28T15:45:01","date_gmt":"2025-08-28T13:45:01","guid":{"rendered":"https:\/\/www.clinton-logistic.com\/?page_id=127"},"modified":"2025-08-28T15:47:37","modified_gmt":"2025-08-28T13:47:37","slug":"accessibility","status":"publish","type":"page","link":"https:\/\/www.clinton-logistic.com\/en\/barrierefreiheit\/","title":{"rendered":"accessibility"},"content":{"rendered":"<div class=\"grve-section grve-feature-header\" data-section-title=\"\" data-section-type=\"fullwidth-background\" data-image-type=\"none\" data-full-height=\"no\"  style=\"padding-top: 30px;\"><div class=\"grve-row grve-bookmark\"><div class=\"wpb_column grve-column grve-bookmark grve-column-1\"><h1 class=\"grve-element grve-align-left grve-title-no-line grve-h1\" style=\"margin-bottom: 30px;\"><span>Accessibility statement for Clinton Logistic Ltd.<\/span><\/h1><\/div> <\/div><div class=\"grve-background-wrapper\"><\/div><\/div><div class=\"grve-section\" data-section-title=\"\" data-section-type=\"fullwidth-background\" data-image-type=\"none\" data-full-height=\"no\"><div class=\"grve-row grve-bookmark\"><div class=\"wpb_column grve-column grve-bookmark grve-column-1\"><div class=\"grve-element grve-text\"><h2 style=\"font-size: 1.25em;\">requirements<\/h2>\n<p>This accessibility statement applies to the Clinton Logistic GmbH website published at https:\/\/clinton.de.<\/p>\n<p>As a company, we strive to make our websites and mobile applications accessible in accordance with the provisions of the Accessibility Enhancement Act (BFSG) and the Accessibility Enhancement Act Ordinance (BFSGV) implementing the European Accessibility Directive (Directive (EU) 2019\/882 on the accessibility requirements for products and services).<\/p>\n<h2 style=\"font-size: 1.25em;\">Status of compliance with requirements<\/h2>\n<p>The accessibility requirements are set out in the Accessibility Enhancement Act (BFSGV).<\/p>\n<p>The specific accessibility requirements have been implemented in accordance with Section 14 of the BFSG in conjunction with Section 3(1) of the BFSG in the Ordinance on the Accessibility Enhancement Act (BFSGV).<\/p>\n<h2 style=\"font-size: 1.25em;\">Information about services that meet accessibility requirements<\/h2>\n<p>CLINTON is a passionately run and authentic fashion company based in Hoppegarten near Berlin.<\/p>\n<h2 style=\"font-size: 1.25em;\">compliance status<\/h2>\n<p>The specific technical measures are based on <strong>WCAG 2.2 Level A, AA<\/strong>.<\/p>\n<p>Compliance with the requirements was verified on the basis of a self-assessment (the content was assessed by an internal employee or the content developer) and was carried out on 27 June 2025.<br \/>\nThe assessment was carried out in accordance with legal requirements and global standards (EN 301 549, WCAG 2.2 Level A, AA).<\/p>\n<p><strong>The website \u201aClinton Gro\u00dfhandels GmbH\u2018 has the following status in relation to the compliance level depicted by WCAG 2.2 Level A, AA:<\/strong><br \/>\nPartially compliant: only parts of the content are compliant.<\/p>\n<p><strong>Comments on the stated conformity:<\/strong><br \/>\nWe provide our services and information on our website in accordance with Section 2 of the Accessibility Enhancement Act (BFSG) and the associated ordinance (BFSGV). We are committed to making our websites and mobile applications accessible in accordance with the provisions of the Disability Equality Act (BGG) and the Accessibility Enhancement Act implementing the European Accessibility Act (EAA). Our website has been reviewed against the conformity criteria described below and specifically optimised for barrier-free or accessible use.<\/p>\n<p><strong>We use the following tools to ensure accessibility:<\/strong><br \/>\nThe company uses <strong>easyVision<\/strong> from the site Cockpit GmbH (<a href=\"https:\/\/www.sitecockpit.com\">www.sitecockpit.com<\/a>) to optimise display options such as contrast, reading modes or text size. The widget is loaded via JavaScript and may not load if blockers are used.<br \/>\nThe company uses <strong>easyMonitoring<\/strong> from the site Cockpit GmbH (<a href=\"https:\/\/www.sitecockpit.com\">www.sitecockpit.com<\/a>) to analyse and monitor accessibility on the website for the most important subpages on our domain. Errors are not automatically corrected within the scope of the BSFG requirements.<\/p>\n<p><strong>The content listed below is not fully accessible:<\/strong><br \/>\nOur website is largely compliant with current accessibility requirements. However, there are still barriers in some areas that may restrict access for people with disabilities.<\/p>\n<p>The content listed below is not fully accessible:<\/p>\n<p>\u2013 Images and graphic elements do not always have clear or complete alternative texts.<br \/>\n\u2013 For some form elements, the labels cannot be captured programmatically.<br \/>\n\u2013 The order of keyboard focus is sometimes illogical; moreover, the focus is not always clearly visible.<br \/>\n\u2013 Not all interactive elements have an accessible name that matches the visible name.<br \/>\n\u2013 Some PDF documents do not yet meet the requirements for accessible documents.<\/p>\n<p>We strive to continuously improve our website and gradually remove barriers. Due to the volume of content, it has not yet been possible to make all areas completely accessible.<\/p>\n<h2 style=\"font-size: 1.25em;\">technology dependency<\/h2>\n<p><strong>The accessibility of the website has been tested with the following browsers:<\/strong><br \/>\nChrome, Firefox, Safari<\/p>\n<p><strong>The website relies on the following technologies for accessible use:<\/strong><br \/>\nHTML, WAI-ARIA, CSS, JavaScript<\/p>\n<p><strong>Further comments on technology dependency:<\/strong><br \/>\nGoogle Calendar \u2013 We use Google for our booking calendar at \/academy\/calendar\/ to provide interested parties with an overview of our dates.<\/p>\n<h2 style=\"font-size: 1.25em;\">Feedback and contact details<\/h2>\n<p>If you would like to provide feedback on the accessibility of Clinton Gro\u00dfhandels GmbH, please contact us.<br \/>\nby telephone, email or any other specified method to our accessibility contact person.<\/p>\n<p>We will do our best to respond to your feedback within 48 hours.<\/p>\n<p>Name: Malgorzata Wahls<br \/>\nStreet: Handwerkerstra\u00dfe 19<br \/>\nPostcode \/ Town: 15366 Hoppegarten<br \/>\nTelephone: <a href=\"tel:+49 (0) 3342 306 200\">+49 (0) 3342 306 200<\/a><br \/>\nEmail: <a href=\"mailto:m.wahls@clinton.de\">m.wahls@clinton.de<\/a><br \/>\nSocial media: Instagram, Facebook, YouTube<\/p>\n<h2 style=\"font-size: 1.25em;\">market surveillance authority<\/h2>\n<p>The competent market surveillance authority is:<br \/>\nState Office for Social Affairs and Welfare<br \/>\nDepartment 42 \u2013 Surveillance Unit<br \/>\nPO Box 10 01 23<br \/>\n03001 Cottbus<\/p>\n<p>The joint public-law institution MLBF (Market Surveillance Authority of the Federal States for the Accessibility of Products and Services), based in Magdeburg (Turmschanzenstra\u00dfe 25, 39114 Magdeburg), is currently being established.<br \/>\nAccording to the current status, this authority is to be formally established by 28 June 2025. Once this authority has been established, this central market surveillance body will be responsible instead of the individual regional authorities.<\/p>\n<p>Clinton Logistic Ltd. is constantly working to improve its website.<\/p>\n<p>We are endeavouring to promptly remove all barriers for people with disabilities identified in the audit report dated 27 June 2025.<\/p>\n<p>This statement was generated on 27 June 2025 using the \u201eeasyStatement \u2013 Generator for Accessibility Statements\" from <a href=\"https:\/\/www.sitecockpit.com\/\">https:\/\/www.sitecockpit.com<\/a> created.<\/p>\n<\/div><\/div> <\/div><div class=\"grve-background-wrapper\"><\/div><\/div>","protected":false},"excerpt":{"rendered":"Erkl\u00e4rung zur Barrierefreiheit f\u00fcr Clinton Logistic GmbH Voraussetzungen Diese Erkl\u00e4rung zur Barrierefreiheit gilt f\u00fcr die unter https:\/\/clinton.de ver\u00f6ffentlichte Website der Clinton Logistic GmbH. Als Unternehmen sind wir bem\u00fcht, unsere Websites und mobilen Anwendungen im Einklang mit den Bestimmungen des Barrierefreiheitsst\u00e4rkungsgesetz (BFSG) sowie der Verordnung zum Barrierefreiheitsst\u00e4rkungsgesetz (BFSGV) zur Umsetzung der die europ\u00e4ische Barrierefreiheitsrichtlinie (Richtlinie (EU) [...]","protected":false},"author":1,"featured_media":0,"parent":0,"menu_order":0,"comment_status":"closed","ping_status":"closed","template":"","meta":{"inline_featured_image":false,"footnotes":""},"class_list":["post-127","page","type-page","status-publish","hentry"],"_links":{"self":[{"href":"https:\/\/www.clinton-logistic.com\/en\/wp-json\/wp\/v2\/pages\/127","targetHints":{"allow":["GET"]}}],"collection":[{"href":"https:\/\/www.clinton-logistic.com\/en\/wp-json\/wp\/v2\/pages"}],"about":[{"href":"https:\/\/www.clinton-logistic.com\/en\/wp-json\/wp\/v2\/types\/page"}],"author":[{"embeddable":true,"href":"https:\/\/www.clinton-logistic.com\/en\/wp-json\/wp\/v2\/users\/1"}],"replies":[{"embeddable":true,"href":"https:\/\/www.clinton-logistic.com\/en\/wp-json\/wp\/v2\/comments?post=127"}],"version-history":[{"count":0,"href":"https:\/\/www.clinton-logistic.com\/en\/wp-json\/wp\/v2\/pages\/127\/revisions"}],"wp:attachment":[{"href":"https:\/\/www.clinton-logistic.com\/en\/wp-json\/wp\/v2\/media?parent=127"}],"curies":[{"name":"wp","href":"https:\/\/api.w.org\/{rel}","templated":true}]}}