{"id":68,"date":"2025-08-28T14:59:44","date_gmt":"2025-08-28T12:59:44","guid":{"rendered":"https:\/\/www.clinton-logistic.com\/?page_id=68"},"modified":"2025-08-28T15:11:25","modified_gmt":"2025-08-28T13:11:25","slug":"logistics-centre-euz","status":"publish","type":"page","link":"https:\/\/www.clinton-logistic.com\/en\/logistikzentrum-euz\/","title":{"rendered":"EUZ logistics centre"},"content":{"rendered":"<div id=\"anfragelogistik\" class=\"grve-section\" data-section-title=\"\" data-section-type=\"fullwidth-background\" data-image-type=\"none\" data-full-height=\"no\"  style=\"margin-bottom: 120px;\"><div class=\"grve-row grve-bookmark\"><div class=\"wpb_column grve-column grve-bookmark grve-column-1\"><div class=\"grve-element grve-slogan grve-align-center\" style=\"\"><h4 class=\"grve-slogan-title grve-align-center grve-title-line\"><span>With a logistics area of around 30,000 square metres<\/span><\/h4>  <p class=\"\">Our CLINTON Logistics Centre_EUZ is one of the largest and most modern of its kind in Europe. Our state-of-the-art logistics systems enable orders to be processed quickly within 24 hours, 7 days a week.<\/p><\/div><div class=\"grve-element grve-text\"><p style=\"text-align: center;\">We would be happy to advise you on the next step for your growing business.<\/p>\n<\/div><div class=\"grve-element grve-align-center\"><a class=\"grve-btn grve-btn-extrasmall grve-square grve-bg-primary-1\" href=\"https:\/\/www.clinton-logistic.com\/en\/contact\/\" target=\"_self\" style=\"margin-bottom: 0px;\"><span>Enquiry &amp; Contact<\/span><\/a><\/div><\/div> <\/div><div class=\"grve-background-wrapper\"><\/div><\/div><div class=\"grve-section\" data-section-title=\"\" data-section-type=\"fullwidth-background\" data-image-type=\"none\" data-full-height=\"no\"  style=\"background-color:#f2f2f2;padding-top: 90px;padding-bottom: 90px;margin-bottom: 120px;\"><div class=\"grve-row grve-bookmark\"><div class=\"wpb_column grve-column grve-bookmark grve-column-1\"><div id=\"euzlogistik\" class=\"grve-row grve-bookmark\"><div class=\"wpb_column grve-column grve-bookmark grve-column-1\"><div class=\"grve-element grve-image grve-align-center\" style=\"\"><img loading=\"lazy\" decoding=\"async\" width=\"200\" height=\"200\" src=\"https:\/\/www.clinton-logistic.com\/wp-content\/uploads\/2025\/08\/Logistik-EUZ.png\" class=\"attachment-full size-full\" alt=\"Logistics EUZ\" srcset=\"https:\/\/www.clinton-logistic.com\/wp-content\/uploads\/2025\/08\/Logistik-EUZ.png 200w, https:\/\/www.clinton-logistic.com\/wp-content\/uploads\/2025\/08\/Logistik-EUZ-150x150.png 150w, https:\/\/www.clinton-logistic.com\/wp-content\/uploads\/2025\/08\/Logistik-EUZ-80x80.png 80w\" sizes=\"auto, (max-width: 200px) 100vw, 200px\" \/><\/div><div class=\"grve-element grve-box-icon grve-align-center\" style=\"\">  <div class=\"grve-icon grve-medium grve-outline grve-no-shape grve-color-primary-1 vc-oi vc-oi-location\"><\/div>  <div class=\"grve-box-content\">  <\/div><\/div><div class=\"grve-element grve-slogan grve-align-center\" style=\"\"><h4 class=\"grve-slogan-title grve-align-center grve-title-no-line\"><span>EUROPEAN HEADQUARTERS LOGISTICS CENTRE<div class=\"grve-subtitle\">FACTS &amp; FIGURES<\/div><\/span><\/h4>  <p class=\"\">Since June 2015 \/\/ 28,350 square metres of space \/\/ 18 lorry ramps<\/p><\/div><\/div><\/div><div class=\"grve-row grve-bookmark vc_custom_1728564164679\"><div class=\"wpb_column grve-column grve-bookmark grve-column-1-5\"><div class=\"grve-element grve-image grve-align-center\" style=\"margin-bottom: 35px;\"><img loading=\"lazy\" decoding=\"async\" width=\"144\" height=\"100\" src=\"https:\/\/www.clinton-logistic.com\/wp-content\/uploads\/2025\/08\/icon-EUZ-hochregal.png\" class=\"attachment-full size-full\" alt=\"icon-EUZ-high shelf\" \/><\/div><div class=\"grve-element grve-slogan grve-align-center\" style=\"margin-bottom: 10px;\"><h5 class=\"grve-slogan-title grve-align-center grve-title-line\"><span>HIGH-BAY WAREHOUSE<\/span><\/h5>  <p class=\"\"><\/p><\/div><div class=\"grve-element grve-text vc_custom_1728562531406\"><p style=\"text-align: center;\">OSR shuttle with 6 lanes | 5 km\/h, 40 levels each Storage capacity: 171,180 carton spaces<\/p>\n<\/div><\/div><div class=\"wpb_column grve-column grve-bookmark grve-column-1-5\"><div class=\"grve-element grve-image grve-align-center\" style=\"margin-bottom: 35px;\"><img loading=\"lazy\" decoding=\"async\" width=\"144\" height=\"100\" src=\"https:\/\/www.clinton-logistic.com\/wp-content\/uploads\/2025\/08\/icon-EUZ-verschieberegal.png\" class=\"attachment-full size-full\" alt=\"icon-EUZ-mobile shelving\" \/><\/div><div class=\"grve-element grve-slogan grve-align-center\" style=\"margin-bottom: 10px;\"><h5 class=\"grve-slogan-title grve-align-center grve-title-line\"><span>SHIFTING RACK STORAGE<\/span><\/h5>  <p class=\"\"><\/p><\/div><div class=\"grve-element grve-text vc_custom_1728562684281\"><p style=\"text-align: center;\">With 3 blocks | 50 shelf rows Storage capacity: 7,400 pallet spaces<\/p>\n<\/div><\/div><div class=\"wpb_column grve-column grve-bookmark grve-column-1-5\"><div class=\"grve-element grve-image grve-align-center\" style=\"margin-bottom: 35px;\"><img loading=\"lazy\" decoding=\"async\" width=\"100\" height=\"100\" src=\"https:\/\/www.clinton-logistic.com\/wp-content\/uploads\/2025\/08\/icon-EUZ-haengeregallager.png\" class=\"attachment-full size-full\" alt=\"icon-EUZ-hanging shelf storage\" srcset=\"https:\/\/www.clinton-logistic.com\/wp-content\/uploads\/2025\/08\/icon-EUZ-haengeregallager.png 100w, https:\/\/www.clinton-logistic.com\/wp-content\/uploads\/2025\/08\/icon-EUZ-haengeregallager-80x80.png 80w\" sizes=\"auto, (max-width: 100px) 100vw, 100px\" \/><\/div><div class=\"grve-element grve-slogan grve-align-center\" style=\"margin-bottom: 10px;\"><h5 class=\"grve-slogan-title grve-align-center grve-title-line\"><span>HANGING SHELF STORAGE<\/span><\/h5>  <p class=\"\"><\/p><\/div><div class=\"grve-element grve-text vc_custom_1728562575296\"><p style=\"text-align: center;\">Static shelving system for up to 400,000 products | up to 1,000 parts per hour<\/p>\n<\/div><\/div><div class=\"wpb_column grve-column grve-bookmark grve-column-1-5\"><div class=\"grve-element grve-image grve-align-center\" style=\"margin-bottom: 35px;\"><img loading=\"lazy\" decoding=\"async\" width=\"100\" height=\"100\" src=\"https:\/\/www.clinton-logistic.com\/wp-content\/uploads\/2025\/08\/icon-EUZ-liegewarenlager.png\" class=\"attachment-full size-full\" alt=\"icon-EUZ-flat goods warehouse\" srcset=\"https:\/\/www.clinton-logistic.com\/wp-content\/uploads\/2025\/08\/icon-EUZ-liegewarenlager.png 100w, https:\/\/www.clinton-logistic.com\/wp-content\/uploads\/2025\/08\/icon-EUZ-liegewarenlager-80x80.png 80w\" sizes=\"auto, (max-width: 100px) 100vw, 100px\" \/><\/div><div class=\"grve-element grve-slogan grve-align-center\" style=\"margin-bottom: 10px;\"><h5 class=\"grve-slogan-title grve-align-center grve-title-line\"><span>FURNITURE STORAGE<\/span><\/h5>  <p class=\"\"><\/p><\/div><div class=\"grve-element grve-text vc_custom_1728562589122\"><p style=\"text-align: center;\">2 pocket sorter systems | 16 picking stations 20 packing stations | up to 10,000 items per hour<\/p>\n<\/div><\/div><div class=\"wpb_column grve-column grve-bookmark grve-column-1-5\"><div class=\"grve-element grve-image grve-align-center\" style=\"margin-bottom: 35px;\"><img loading=\"lazy\" decoding=\"async\" width=\"100\" height=\"100\" src=\"https:\/\/www.clinton-logistic.com\/wp-content\/uploads\/2025\/08\/icon-EUZ-waren.ein_.ausg_.png\" class=\"attachment-full size-full\" alt=\"icon-EUZ-waren.ein_.ausg_\" srcset=\"https:\/\/www.clinton-logistic.com\/wp-content\/uploads\/2025\/08\/icon-EUZ-waren.ein_.ausg_.png 100w, https:\/\/www.clinton-logistic.com\/wp-content\/uploads\/2025\/08\/icon-EUZ-waren.ein_.ausg_-80x80.png 80w\" sizes=\"auto, (max-width: 100px) 100vw, 100px\" \/><\/div><div class=\"grve-element grve-slogan grve-align-center\" style=\"margin-bottom: 10px;\"><h5 class=\"grve-slogan-title grve-align-center grve-title-line\"><span>GOODS IN &amp; OUT<\/span><\/h5>  <p class=\"\"><\/p><\/div><div class=\"grve-element grve-text vc_custom_1728562690962\"><p style=\"text-align: center;\">7 unloading and loading gates | 3 unloading telescopes | Weighing control | 4 control stations<br \/>\n+<br \/>\nFully automatic carton sealing and shipping labels<\/p>\n<\/div><\/div><\/div><div class=\"grve-row grve-bookmark vc_custom_1728562715726\"><div class=\"wpb_column grve-column grve-bookmark grve-column-1\"><div class=\"grve-element grve-gallery grve-isotope grve-gallery-popup\" style=\"\" data-gutter=\"yes\" data-type=\"3-columns\" data-layout=\"packery\"><div class=\"grve-isotope-container\"><div class=\"grve-isotope-item  grve-packery-image\"><a href=\"https:\/\/www.clinton-logistic.com\/wp-content\/uploads\/2025\/08\/CLINTON_EUZ-Taschensortersysteme.jpg\"><figure class=\"grve-image-hover grve-zoom-in\"><div class=\"grve-media grve-dark-overlay grve-opacity-60\"><img loading=\"lazy\" decoding=\"async\" width=\"560\" height=\"560\" src=\"https:\/\/www.clinton-logistic.com\/wp-content\/uploads\/2025\/08\/CLINTON_EUZ-Taschensortersysteme-560x560.jpg\" class=\"attachment-grve-image-small-square size-grve-image-small-square\" alt=\"CLINTON_EUZ bag sorting systems\" srcset=\"https:\/\/www.clinton-logistic.com\/wp-content\/uploads\/2025\/08\/CLINTON_EUZ-Taschensortersysteme-560x560.jpg 560w, https:\/\/www.clinton-logistic.com\/wp-content\/uploads\/2025\/08\/CLINTON_EUZ-Taschensortersysteme-150x150.jpg 150w, https:\/\/www.clinton-logistic.com\/wp-content\/uploads\/2025\/08\/CLINTON_EUZ-Taschensortersysteme-80x80.jpg 80w\" sizes=\"auto, (max-width: 560px) 100vw, 560px\" \/><\/div><figcaption><\/figcaption><\/figure><\/a><\/div><div class=\"grve-isotope-item  grve-packery-image\"><a href=\"https:\/\/www.clinton-logistic.com\/wp-content\/uploads\/2025\/08\/CLINTON_EUZ-Liegewarenlager.jpg\"><figure class=\"grve-image-hover grve-zoom-in\"><div class=\"grve-media grve-dark-overlay grve-opacity-60\"><img loading=\"lazy\" decoding=\"async\" width=\"560\" height=\"560\" src=\"https:\/\/www.clinton-logistic.com\/wp-content\/uploads\/2025\/08\/CLINTON_EUZ-Liegewarenlager-560x560.jpg\" class=\"attachment-grve-image-small-square size-grve-image-small-square\" alt=\"CLINTON_EUZ flat goods warehouse\" srcset=\"https:\/\/www.clinton-logistic.com\/wp-content\/uploads\/2025\/08\/CLINTON_EUZ-Liegewarenlager-560x560.jpg 560w, https:\/\/www.clinton-logistic.com\/wp-content\/uploads\/2025\/08\/CLINTON_EUZ-Liegewarenlager-150x150.jpg 150w, https:\/\/www.clinton-logistic.com\/wp-content\/uploads\/2025\/08\/CLINTON_EUZ-Liegewarenlager-80x80.jpg 80w\" sizes=\"auto, (max-width: 560px) 100vw, 560px\" \/><\/div><figcaption><\/figcaption><\/figure><\/a><\/div><div class=\"grve-isotope-item  grve-packery-h2\"><a href=\"https:\/\/www.clinton-logistic.com\/wp-content\/uploads\/2025\/08\/CLINTON_EUZ-Hochregallager_1.jpg\"><figure class=\"grve-image-hover grve-zoom-in\"><div class=\"grve-media grve-dark-overlay grve-opacity-60\"><img loading=\"lazy\" decoding=\"async\" width=\"560\" height=\"1120\" src=\"https:\/\/www.clinton-logistic.com\/wp-content\/uploads\/2025\/08\/CLINTON_EUZ-Hochregallager_1-560x1120.jpg\" class=\"attachment-grve-image-medium-rect-vertical size-grve-image-medium-rect-vertical\" alt=\"CLINTON_EUZ high-bay warehouse_1\" \/><\/div><figcaption><\/figcaption><\/figure><\/a><\/div><div class=\"grve-isotope-item  grve-packery-image\"><a href=\"https:\/\/www.clinton-logistic.com\/wp-content\/uploads\/2025\/08\/CLINTON_EUZ-Taschensorter.jpg\"><figure class=\"grve-image-hover grve-zoom-in\"><div class=\"grve-media grve-dark-overlay grve-opacity-60\"><img loading=\"lazy\" decoding=\"async\" width=\"560\" height=\"560\" src=\"https:\/\/www.clinton-logistic.com\/wp-content\/uploads\/2025\/08\/CLINTON_EUZ-Taschensorter-560x560.jpg\" class=\"attachment-grve-image-small-square size-grve-image-small-square\" alt=\"CLINTON_EUZ bag sorter\" srcset=\"https:\/\/www.clinton-logistic.com\/wp-content\/uploads\/2025\/08\/CLINTON_EUZ-Taschensorter-560x560.jpg 560w, https:\/\/www.clinton-logistic.com\/wp-content\/uploads\/2025\/08\/CLINTON_EUZ-Taschensorter-150x150.jpg 150w, https:\/\/www.clinton-logistic.com\/wp-content\/uploads\/2025\/08\/CLINTON_EUZ-Taschensorter-80x80.jpg 80w\" sizes=\"auto, (max-width: 560px) 100vw, 560px\" \/><\/div><figcaption><\/figcaption><\/figure><\/a><\/div><div class=\"grve-isotope-item  grve-packery-image\"><a href=\"https:\/\/www.clinton-logistic.com\/wp-content\/uploads\/2025\/08\/CLINTON_EUZ-Hochregallager.jpg\"><figure class=\"grve-image-hover grve-zoom-in\"><div class=\"grve-media grve-dark-overlay grve-opacity-60\"><img loading=\"lazy\" decoding=\"async\" width=\"560\" height=\"560\" src=\"https:\/\/www.clinton-logistic.com\/wp-content\/uploads\/2025\/08\/CLINTON_EUZ-Hochregallager-560x560.jpg\" class=\"attachment-grve-image-small-square size-grve-image-small-square\" alt=\"CLINTON_EUZ high-bay warehouse\" srcset=\"https:\/\/www.clinton-logistic.com\/wp-content\/uploads\/2025\/08\/CLINTON_EUZ-Hochregallager-560x560.jpg 560w, https:\/\/www.clinton-logistic.com\/wp-content\/uploads\/2025\/08\/CLINTON_EUZ-Hochregallager-150x150.jpg 150w, https:\/\/www.clinton-logistic.com\/wp-content\/uploads\/2025\/08\/CLINTON_EUZ-Hochregallager-80x80.jpg 80w\" sizes=\"auto, (max-width: 560px) 100vw, 560px\" \/><\/div><figcaption><\/figcaption><\/figure><\/a><\/div><\/div><\/div><\/div><\/div><\/div> <\/div><div class=\"grve-background-wrapper\"><\/div><\/div><div id=\"anfragelogistik\" class=\"grve-section\" data-section-title=\"\" data-section-type=\"fullwidth-background\" data-image-type=\"none\" data-full-height=\"no\"  style=\"margin-bottom: 120px;\"><div class=\"grve-row grve-bookmark\"><div class=\"wpb_column grve-column grve-bookmark grve-column-1\"><div class=\"grve-element grve-box-icon grve-align-center grve-animated-item grve-fadeInDown\" style=\"margin-bottom: 0pxpx;\" data-delay=\"200\">  <div class=\"grve-icon grve-medium grve-simple grve-no-shape grve-color-primary-1 fa fa-angle-double-down\"><\/div><\/div><div class=\"grve-element grve-text\"><p style=\"text-align: center;\">We would be happy to advise you on the next step for your growing business.<\/p>\n<\/div><div class=\"grve-element grve-align-center\"><a class=\"grve-btn grve-btn-extrasmall grve-square grve-bg-primary-1 grve-btn-line\" href=\"https:\/\/www.clinton-logistic.com\/en\/contact\/\" target=\"_self\" style=\"margin-bottom: 0px;\"><span>Enquiry &amp; Contact<\/span><\/a><\/div><\/div> <\/div><div class=\"grve-background-wrapper\"><\/div><\/div><div class=\"grve-section grve-feature-footer\" data-section-title=\"\" data-section-type=\"fullwidth-background\" data-image-type=\"fixed-bg\" data-full-height=\"no\"  style=\"padding-top: 200px;padding-bottom: 200px;\"><div class=\"grve-row grve-bookmark\"><div class=\"wpb_column grve-column grve-bookmark grve-column-1\"><div class=\"grve-row grve-bookmark vc_custom_1751885619964\"><div class=\"wpb_column grve-column grve-bookmark grve-column-1-3\"><\/div><div class=\"wpb_column grve-column grve-bookmark grve-column-1-3 vc_custom_1751885729039\"><h3 style=\"color: #000000;text-align: center\" class=\"vc_custom_heading vc_do_custom_heading\" >ALSO OF INTEREST TO YOU:<\/h3><div class=\"grve-element grve-image grve-align-center\" style=\"\"><img loading=\"lazy\" decoding=\"async\" width=\"200\" height=\"200\" src=\"https:\/\/www.clinton-logistic.com\/wp-content\/uploads\/2025\/08\/Logistik-Blaues-Lager.png\" class=\"attachment-full size-full\" alt=\"Logistics Blue Warehouse\" srcset=\"https:\/\/www.clinton-logistic.com\/wp-content\/uploads\/2025\/08\/Logistik-Blaues-Lager.png 200w, https:\/\/www.clinton-logistic.com\/wp-content\/uploads\/2025\/08\/Logistik-Blaues-Lager-150x150.png 150w, https:\/\/www.clinton-logistic.com\/wp-content\/uploads\/2025\/08\/Logistik-Blaues-Lager-80x80.png 80w\" sizes=\"auto, (max-width: 200px) 100vw, 200px\" \/><\/div><div class=\"grve-element grve-box-icon grve-align-center grve-animated-item grve-fadeInDown\" style=\"\" data-delay=\"200\">  <div class=\"grve-icon grve-medium grve-simple grve-no-shape grve-color-primary-1 fa fa-angle-double-down\"><\/div><\/div><div class=\"grve-element grve-slogan grve-align-center\" style=\"\"><h4 class=\"grve-slogan-title grve-align-center grve-title-no-line\"><span>BLUE CAMP<div class=\"grve-subtitle\">FACTS &amp; FIGURES<\/div><\/span><\/h4>  <p class=\"\">Since 2008 \/\/ 4,945 square metres of floor space <\/p><\/div><div class=\"grve-element grve-align-center\"><a class=\"grve-btn grve-btn-extrasmall grve-square grve-bg-primary-1\" href=\"https:\/\/www.clinton-logistic.com\/en\/logistics-centre-bl\/\" target=\"_self\" style=\"\"><span>Learn more<\/span><\/a><\/div><\/div><div class=\"wpb_column grve-column grve-bookmark grve-column-1-3\"><\/div><\/div><\/div> <\/div><div class=\"grve-background-wrapper\">  <div class=\"grve-pattern grve-dark-overlay grve-overlay-30\"><\/div>  <div class=\"grve-bg-image\"   style=\"background-image: url(https:\/\/www.clinton-logistic.com\/wp-content\/uploads\/2025\/08\/header-logistik.jpg);\"><\/div><\/div><\/div>","protected":false},"excerpt":{"rendered":"Mit einer Logistikfl\u00e4che von rund 30.000 qm z\u00e4hlt unser CLINTON Logistikzentrum_EUZ zu den gr\u00f6\u00dften und modernsten seiner Art in Europa. Unsere hochmodernen Logistiksysteme erm\u00f6glichen die schnelle Bearbeitung von Auftr\u00e4gen innerhalb von 24 Stunden, 7 Tage die Woche.Wir beraten Sie gerne bei dem n\u00e4chsten Schritt Ihres wachsenden Unternehmens. Anfrage & Kontakt LOGISTIKZENTRUM EUROPAZENTRALEFACTS &amp; FIGURES Seit [...]","protected":false},"author":1,"featured_media":0,"parent":0,"menu_order":0,"comment_status":"closed","ping_status":"closed","template":"","meta":{"inline_featured_image":false,"footnotes":""},"class_list":["post-68","page","type-page","status-publish","hentry"],"_links":{"self":[{"href":"https:\/\/www.clinton-logistic.com\/en\/wp-json\/wp\/v2\/pages\/68","targetHints":{"allow":["GET"]}}],"collection":[{"href":"https:\/\/www.clinton-logistic.com\/en\/wp-json\/wp\/v2\/pages"}],"about":[{"href":"https:\/\/www.clinton-logistic.com\/en\/wp-json\/wp\/v2\/types\/page"}],"author":[{"embeddable":true,"href":"https:\/\/www.clinton-logistic.com\/en\/wp-json\/wp\/v2\/users\/1"}],"replies":[{"embeddable":true,"href":"https:\/\/www.clinton-logistic.com\/en\/wp-json\/wp\/v2\/comments?post=68"}],"version-history":[{"count":0,"href":"https:\/\/www.clinton-logistic.com\/en\/wp-json\/wp\/v2\/pages\/68\/revisions"}],"wp:attachment":[{"href":"https:\/\/www.clinton-logistic.com\/en\/wp-json\/wp\/v2\/media?parent=68"}],"curies":[{"name":"wp","href":"https:\/\/api.w.org\/{rel}","templated":true}]}}