{"id":89,"date":"2025-08-28T15:12:47","date_gmt":"2025-08-28T13:12:47","guid":{"rendered":"https:\/\/www.clinton-logistic.com\/?page_id=89"},"modified":"2025-08-28T15:25:53","modified_gmt":"2025-08-28T13:25:53","slug":"logistics-centre-bl","status":"publish","type":"page","link":"https:\/\/www.clinton-logistic.com\/en\/logistikzentrum-bl\/","title":{"rendered":"Logistics centre BL"},"content":{"rendered":"<div class=\"grve-section grve-feature-header\" data-section-title=\"\" data-section-type=\"fullwidth-background\" data-image-type=\"none\" data-full-height=\"no\"  style=\"background-color:#f2f2f2;padding-top: 90px;padding-bottom: 90px;margin-bottom: 120px;\"><div class=\"grve-row grve-bookmark\"><div class=\"wpb_column grve-column grve-bookmark grve-column-1\"><div id=\"euzlogistik\" class=\"grve-row grve-bookmark\"><div class=\"wpb_column grve-column grve-bookmark grve-column-1\"><div class=\"grve-element grve-image grve-align-center\" style=\"\"><img loading=\"lazy\" decoding=\"async\" width=\"200\" height=\"200\" src=\"https:\/\/www.clinton-logistic.com\/wp-content\/uploads\/2025\/08\/Logistik-Blaues-Lager.png\" class=\"attachment-full size-full\" alt=\"Logistics Blue Warehouse\" srcset=\"https:\/\/www.clinton-logistic.com\/wp-content\/uploads\/2025\/08\/Logistik-Blaues-Lager.png 200w, https:\/\/www.clinton-logistic.com\/wp-content\/uploads\/2025\/08\/Logistik-Blaues-Lager-150x150.png 150w, https:\/\/www.clinton-logistic.com\/wp-content\/uploads\/2025\/08\/Logistik-Blaues-Lager-80x80.png 80w\" sizes=\"auto, (max-width: 200px) 100vw, 200px\" \/><\/div><div class=\"grve-element grve-box-icon grve-align-center\" style=\"\">  <div class=\"grve-icon grve-medium grve-outline grve-no-shape grve-color-primary-1 vc-oi vc-oi-location\"><\/div>  <div class=\"grve-box-content\">  <\/div><\/div><div class=\"grve-element grve-slogan grve-align-center\" style=\"\"><h4 class=\"grve-slogan-title grve-align-center grve-title-no-line\"><span>LOGISTICS CENTRE BLUE WAREHOUSE<div class=\"grve-subtitle\">FACTS &amp; FIGURES<\/div><\/span><\/h4>  <p class=\"\">Since 2008 \/\/ 4,945 square metres of floor space <\/p><\/div><\/div><\/div><div class=\"grve-row grve-bookmark vc_custom_1728564205426\"><div class=\"wpb_column grve-column grve-bookmark grve-column-1-4\"><div class=\"grve-element grve-image grve-align-center\" style=\"margin-bottom: 35px;\"><img loading=\"lazy\" decoding=\"async\" width=\"144\" height=\"100\" src=\"https:\/\/www.clinton-logistic.com\/wp-content\/uploads\/2025\/08\/icon-EUZ-hochregal.png\" class=\"attachment-full size-full\" alt=\"icon-EUZ-high shelf\" \/><\/div><div class=\"grve-element grve-slogan grve-align-center\" style=\"margin-bottom: 10px;\"><h5 class=\"grve-slogan-title grve-align-center grve-title-line\"><span>HIGH-BAY WAREHOUSE<\/span><\/h5>  <p class=\"\"><\/p><\/div><div class=\"grve-element grve-text vc_custom_1728563951293\"><p style=\"text-align: center;\">RBG with 30 pallets stored and retrieved per hour<\/p>\n<\/div><\/div><div class=\"wpb_column grve-column grve-bookmark grve-column-1-4\"><div class=\"grve-element grve-image grve-align-center\" style=\"margin-bottom: 35px;\"><img loading=\"lazy\" decoding=\"async\" width=\"144\" height=\"100\" src=\"https:\/\/www.clinton-logistic.com\/wp-content\/uploads\/2025\/08\/icon-BL-kopfregal.png\" class=\"attachment-full size-full\" alt=\"icon-BL-head shelf\" \/><\/div><div class=\"grve-element grve-slogan grve-align-center\" style=\"margin-bottom: 10px;\"><h5 class=\"grve-slogan-title grve-align-center grve-title-line\"><span>HEAD SHELF STORAGE<\/span><\/h5>  <p class=\"\"><\/p><\/div><div class=\"grve-element grve-text vc_custom_1728563966200\"><p style=\"text-align: center;\">Storage capacity: 500 pallets<\/p>\n<\/div><\/div><div class=\"wpb_column grve-column grve-bookmark grve-column-1-4\"><div class=\"grve-element grve-image grve-align-center\" style=\"margin-bottom: 35px;\"><img loading=\"lazy\" decoding=\"async\" width=\"144\" height=\"100\" src=\"https:\/\/www.clinton-logistic.com\/wp-content\/uploads\/2025\/08\/icon-BL-gassenregal.png\" class=\"attachment-full size-full\" alt=\"icon-BL-aisle shelf\" \/><\/div><div class=\"grve-element grve-slogan grve-align-center\" style=\"margin-bottom: 10px;\"><h5 class=\"grve-slogan-title grve-align-center grve-title-line\"><span>ALLEY SHELF STORAGE<\/span><\/h5>  <p class=\"\"><\/p><\/div><div class=\"grve-element grve-text vc_custom_1728563985498\"><p style=\"text-align: center;\">Storage capacity: 10,450 pallets<\/p>\n<\/div><\/div><div class=\"wpb_column grve-column grve-bookmark grve-column-1-4\"><div class=\"grve-element grve-image grve-align-center\" style=\"margin-bottom: 35px;\"><img loading=\"lazy\" decoding=\"async\" width=\"100\" height=\"100\" src=\"https:\/\/www.clinton-logistic.com\/wp-content\/uploads\/2025\/08\/icon-EUZ-waren.ein_.ausg_.png\" class=\"attachment-full size-full\" alt=\"icon-EUZ-waren.ein_.ausg_\" srcset=\"https:\/\/www.clinton-logistic.com\/wp-content\/uploads\/2025\/08\/icon-EUZ-waren.ein_.ausg_.png 100w, https:\/\/www.clinton-logistic.com\/wp-content\/uploads\/2025\/08\/icon-EUZ-waren.ein_.ausg_-80x80.png 80w\" sizes=\"auto, (max-width: 100px) 100vw, 100px\" \/><\/div><div class=\"grve-element grve-slogan grve-align-center\" style=\"margin-bottom: 10px;\"><h5 class=\"grve-slogan-title grve-align-center grve-title-line\"><span>GOODS IN &amp; OUT<\/span><\/h5>  <p class=\"\"><\/p><\/div><div class=\"grve-element grve-text vc_custom_1728564006006\"><p style=\"text-align: center;\">3 unloading and loading gates<\/p>\n<\/div><\/div><\/div><div class=\"grve-row grve-bookmark vc_custom_1728562715726\"><div class=\"wpb_column grve-column grve-bookmark grve-column-1\"><div class=\"grve-element grve-gallery grve-isotope grve-gallery-popup\" style=\"\" data-gutter=\"yes\" data-type=\"3-columns\" data-layout=\"packery\"><div class=\"grve-isotope-container\"><div class=\"grve-isotope-item  grve-packery-image\"><a href=\"https:\/\/www.clinton-logistic.com\/wp-content\/uploads\/2025\/08\/CLINTON-Logistik-BL-Hochregallager.jpg\"><figure class=\"grve-image-hover grve-zoom-in\"><div class=\"grve-media grve-dark-overlay grve-opacity-60\"><img loading=\"lazy\" decoding=\"async\" width=\"560\" height=\"560\" src=\"https:\/\/www.clinton-logistic.com\/wp-content\/uploads\/2025\/08\/CLINTON-Logistik-BL-Hochregallager-560x560.jpg\" class=\"attachment-grve-image-small-square size-grve-image-small-square\" alt=\"CLINTON Logistics BL high-bay warehouse\" srcset=\"https:\/\/www.clinton-logistic.com\/wp-content\/uploads\/2025\/08\/CLINTON-Logistik-BL-Hochregallager-560x560.jpg 560w, https:\/\/www.clinton-logistic.com\/wp-content\/uploads\/2025\/08\/CLINTON-Logistik-BL-Hochregallager-150x150.jpg 150w, https:\/\/www.clinton-logistic.com\/wp-content\/uploads\/2025\/08\/CLINTON-Logistik-BL-Hochregallager-80x80.jpg 80w\" sizes=\"auto, (max-width: 560px) 100vw, 560px\" \/><\/div><figcaption><\/figcaption><\/figure><\/a><\/div><div class=\"grve-isotope-item  grve-packery-image\"><a href=\"https:\/\/www.clinton-logistic.com\/wp-content\/uploads\/2025\/08\/CLINTON-Logistik-BL-Lagerkapazitaet-10.450-Paletten.jpg\"><figure class=\"grve-image-hover grve-zoom-in\"><div class=\"grve-media grve-dark-overlay grve-opacity-60\"><img loading=\"lazy\" decoding=\"async\" width=\"560\" height=\"560\" src=\"https:\/\/www.clinton-logistic.com\/wp-content\/uploads\/2025\/08\/CLINTON-Logistik-BL-Lagerkapazitaet-10.450-Paletten-560x560.jpg\" class=\"attachment-grve-image-small-square size-grve-image-small-square\" alt=\"CLINTON Logistics BL storage capacity: 10,450 pallets\" srcset=\"https:\/\/www.clinton-logistic.com\/wp-content\/uploads\/2025\/08\/CLINTON-Logistik-BL-Lagerkapazitaet-10.450-Paletten-560x560.jpg 560w, https:\/\/www.clinton-logistic.com\/wp-content\/uploads\/2025\/08\/CLINTON-Logistik-BL-Lagerkapazitaet-10.450-Paletten-150x150.jpg 150w, https:\/\/www.clinton-logistic.com\/wp-content\/uploads\/2025\/08\/CLINTON-Logistik-BL-Lagerkapazitaet-10.450-Paletten-80x80.jpg 80w\" sizes=\"auto, (max-width: 560px) 100vw, 560px\" \/><\/div><figcaption><\/figcaption><\/figure><\/a><\/div><div class=\"grve-isotope-item  grve-packery-h2\"><a href=\"https:\/\/www.clinton-logistic.com\/wp-content\/uploads\/2025\/08\/header-fulfillment.jpg\"><figure class=\"grve-image-hover grve-zoom-in\"><div class=\"grve-media grve-dark-overlay grve-opacity-60\"><img loading=\"lazy\" decoding=\"async\" width=\"560\" height=\"1080\" src=\"https:\/\/www.clinton-logistic.com\/wp-content\/uploads\/2025\/08\/header-fulfillment-560x1080.jpg\" class=\"attachment-grve-image-medium-rect-vertical size-grve-image-medium-rect-vertical\" alt=\"header fulfilment\" \/><\/div><figcaption><\/figcaption><\/figure><\/a><\/div><div class=\"grve-isotope-item  grve-packery-image\"><a href=\"https:\/\/www.clinton-logistic.com\/wp-content\/uploads\/2025\/08\/CLINTON-Logistik-BL-Gassenregallager.jpg\"><figure class=\"grve-image-hover grve-zoom-in\"><div class=\"grve-media grve-dark-overlay grve-opacity-60\"><img loading=\"lazy\" decoding=\"async\" width=\"560\" height=\"560\" src=\"https:\/\/www.clinton-logistic.com\/wp-content\/uploads\/2025\/08\/CLINTON-Logistik-BL-Gassenregallager-560x560.jpg\" class=\"attachment-grve-image-small-square size-grve-image-small-square\" alt=\"CLINTON Logistics BL aisle rack warehouse\" srcset=\"https:\/\/www.clinton-logistic.com\/wp-content\/uploads\/2025\/08\/CLINTON-Logistik-BL-Gassenregallager-560x560.jpg 560w, https:\/\/www.clinton-logistic.com\/wp-content\/uploads\/2025\/08\/CLINTON-Logistik-BL-Gassenregallager-150x150.jpg 150w, https:\/\/www.clinton-logistic.com\/wp-content\/uploads\/2025\/08\/CLINTON-Logistik-BL-Gassenregallager-80x80.jpg 80w\" sizes=\"auto, (max-width: 560px) 100vw, 560px\" \/><\/div><figcaption><\/figcaption><\/figure><\/a><\/div><div class=\"grve-isotope-item  grve-packery-image\"><a href=\"https:\/\/www.clinton-logistic.com\/wp-content\/uploads\/2025\/08\/CLINTON-Logistik-BL-Wareneingang-und-Ausgang.jpg\"><figure class=\"grve-image-hover grve-zoom-in\"><div class=\"grve-media grve-dark-overlay grve-opacity-60\"><img loading=\"lazy\" decoding=\"async\" width=\"560\" height=\"560\" src=\"https:\/\/www.clinton-logistic.com\/wp-content\/uploads\/2025\/08\/CLINTON-Logistik-BL-Wareneingang-und-Ausgang-560x560.jpg\" class=\"attachment-grve-image-small-square size-grve-image-small-square\" alt=\"CLINTON Logistics BL Goods Receipt and Issue\" srcset=\"https:\/\/www.clinton-logistic.com\/wp-content\/uploads\/2025\/08\/CLINTON-Logistik-BL-Wareneingang-und-Ausgang-560x560.jpg 560w, https:\/\/www.clinton-logistic.com\/wp-content\/uploads\/2025\/08\/CLINTON-Logistik-BL-Wareneingang-und-Ausgang-150x150.jpg 150w, https:\/\/www.clinton-logistic.com\/wp-content\/uploads\/2025\/08\/CLINTON-Logistik-BL-Wareneingang-und-Ausgang-80x80.jpg 80w\" sizes=\"auto, (max-width: 560px) 100vw, 560px\" \/><\/div><figcaption><\/figcaption><\/figure><\/a><\/div><\/div><\/div><\/div><\/div><\/div> <\/div><div class=\"grve-background-wrapper\"><\/div><\/div><div id=\"anfragelogistik\" class=\"grve-section\" data-section-title=\"\" data-section-type=\"fullwidth-background\" data-image-type=\"none\" data-full-height=\"no\"  style=\"margin-bottom: 120px;\"><div class=\"grve-row grve-bookmark\"><div class=\"wpb_column grve-column grve-bookmark grve-column-1\"><div class=\"grve-element grve-box-icon grve-align-center grve-animated-item grve-fadeInDown\" style=\"margin-bottom: 0pxpx;\" data-delay=\"200\">  <div class=\"grve-icon grve-medium grve-simple grve-no-shape grve-color-primary-1 fa fa-angle-double-down\"><\/div><\/div><div class=\"grve-element grve-text\"><p style=\"text-align: center;\">We would be happy to advise you on the next step for your growing business.<\/p>\n<\/div><div class=\"grve-element grve-align-center\"><a class=\"grve-btn grve-btn-extrasmall grve-square grve-bg-primary-1 grve-btn-line\" href=\"https:\/\/www.clinton-logistic.com\/en\/contact\/\" target=\"_self\" style=\"margin-bottom: 0px;\"><span>Enquiry &amp; Contact<\/span><\/a><\/div><\/div> <\/div><div class=\"grve-background-wrapper\"><\/div><\/div><div class=\"grve-section grve-feature-footer\" data-section-title=\"\" data-section-type=\"fullwidth-background\" data-image-type=\"fixed-bg\" data-full-height=\"no\"  style=\"padding-top: 200px;padding-bottom: 200px;\"><div class=\"grve-row grve-bookmark\"><div class=\"wpb_column grve-column grve-bookmark grve-column-1\"><div class=\"grve-row grve-bookmark vc_custom_1751885706199\"><div class=\"wpb_column grve-column grve-bookmark grve-column-1-3\"><\/div><div class=\"wpb_column grve-column grve-bookmark grve-column-1-3 vc_custom_1751885602836\"><h3 style=\"color: #000000;text-align: center\" class=\"vc_custom_heading vc_do_custom_heading\" >ALSO OF INTEREST TO YOU:<\/h3><div class=\"grve-element grve-image grve-align-center\" style=\"\"><img loading=\"lazy\" decoding=\"async\" width=\"200\" height=\"200\" src=\"https:\/\/www.clinton-logistic.com\/wp-content\/uploads\/2025\/08\/Logistik-EUZ.png\" class=\"attachment-full size-full\" alt=\"Logistics EUZ\" srcset=\"https:\/\/www.clinton-logistic.com\/wp-content\/uploads\/2025\/08\/Logistik-EUZ.png 200w, https:\/\/www.clinton-logistic.com\/wp-content\/uploads\/2025\/08\/Logistik-EUZ-150x150.png 150w, https:\/\/www.clinton-logistic.com\/wp-content\/uploads\/2025\/08\/Logistik-EUZ-80x80.png 80w\" sizes=\"auto, (max-width: 200px) 100vw, 200px\" \/><\/div><div class=\"grve-element grve-box-icon grve-align-center grve-animated-item grve-fadeInDown\" style=\"\" data-delay=\"200\">  <div class=\"grve-icon grve-medium grve-simple grve-no-shape grve-color-primary-1 fa fa-angle-double-down\"><\/div><\/div><div class=\"grve-element grve-slogan grve-align-center\" style=\"\"><h4 class=\"grve-slogan-title grve-align-center grve-title-no-line\"><span>EUROPEAN HEADQUARTERS<div class=\"grve-subtitle\">FACTS &amp; FIGURES<\/div><\/span><\/h4>  <p class=\"\">Since June 2015 \/\/ 28,350 square metres of space \/\/ 18 lorry ramps<\/p><\/div><div class=\"grve-element grve-align-center\"><a class=\"grve-btn grve-btn-extrasmall grve-square grve-bg-primary-1\" href=\"https:\/\/www.clinton-logistic.com\/en\/logistics-centre-euz\/\" target=\"_self\" style=\"\"><span>Learn more<\/span><\/a><\/div><\/div><div class=\"wpb_column grve-column grve-bookmark grve-column-1-3\"><\/div><\/div><\/div> <\/div><div class=\"grve-background-wrapper\">  <div class=\"grve-pattern grve-dark-overlay grve-overlay-30\"><\/div>  <div class=\"grve-bg-image\"   style=\"background-image: url(https:\/\/www.clinton-logistic.com\/wp-content\/uploads\/2025\/08\/header-logistik.jpg);\"><\/div><\/div><\/div>","protected":false},"excerpt":{"rendered":"LOGISTIKZENTRUM BLAUES LAGERFACTS &amp; FIGURES Seit 2008 \/\/ 4.945 qm Fl\u00e4che HOCHREGAL-LAGER RBG mit 30 Paletten Ein- und Auslagerungen pro Stunde KOPFREGAL-LAGER Lagerkapazit\u00e4t: 500 Paletten GASSENREGAL-LAGER Lagerkapazit\u00e4t: 10.450 Paletten WAREN-EIN- &amp; AUSGANG 3 Ent- und Verladetore Wir beraten Sie gerne bei dem n\u00e4chsten Schritt Ihres wachsenden Unternehmens. Anfrage & Kontakt F\u00dcR SIE AUCH INTERESSANT: EUROPAZENTRALEFACTS [...]","protected":false},"author":1,"featured_media":0,"parent":0,"menu_order":0,"comment_status":"closed","ping_status":"closed","template":"","meta":{"inline_featured_image":false,"footnotes":""},"class_list":["post-89","page","type-page","status-publish","hentry"],"_links":{"self":[{"href":"https:\/\/www.clinton-logistic.com\/en\/wp-json\/wp\/v2\/pages\/89","targetHints":{"allow":["GET"]}}],"collection":[{"href":"https:\/\/www.clinton-logistic.com\/en\/wp-json\/wp\/v2\/pages"}],"about":[{"href":"https:\/\/www.clinton-logistic.com\/en\/wp-json\/wp\/v2\/types\/page"}],"author":[{"embeddable":true,"href":"https:\/\/www.clinton-logistic.com\/en\/wp-json\/wp\/v2\/users\/1"}],"replies":[{"embeddable":true,"href":"https:\/\/www.clinton-logistic.com\/en\/wp-json\/wp\/v2\/comments?post=89"}],"version-history":[{"count":0,"href":"https:\/\/www.clinton-logistic.com\/en\/wp-json\/wp\/v2\/pages\/89\/revisions"}],"wp:attachment":[{"href":"https:\/\/www.clinton-logistic.com\/en\/wp-json\/wp\/v2\/media?parent=89"}],"curies":[{"name":"wp","href":"https:\/\/api.w.org\/{rel}","templated":true}]}}